{"id":356,"date":"2023-11-15T09:18:54","date_gmt":"2023-11-15T08:18:54","guid":{"rendered":"https:\/\/conducta-suicida.cisa-uma.es\/?page_id=356"},"modified":"2023-11-15T10:52:54","modified_gmt":"2023-11-15T09:52:54","slug":"sociedad","status":"publish","type":"page","link":"https:\/\/conducta-suicida.cisa-uma.es\/?page_id=356","title":{"rendered":"Sociedad"},"content":{"rendered":"\t\t<div data-elementor-type=\"wp-page\" data-elementor-id=\"356\" class=\"elementor elementor-356\">\n\t\t\t\t\t\t<section class=\"elementor-section elementor-top-section elementor-element elementor-element-e9cfcdc elementor-section-height-min-height elementor-section-boxed elementor-section-height-default elementor-section-items-middle\" data-id=\"e9cfcdc\" data-element_type=\"section\" data-e-type=\"section\" data-settings=\"{&quot;background_background&quot;:&quot;classic&quot;}\">\n\t\t\t\t\t\t\t<div class=\"elementor-background-overlay\"><\/div>\n\t\t\t\t\t\t\t<div class=\"elementor-container elementor-column-gap-extended\">\n\t\t\t\t\t<div class=\"elementor-column elementor-col-100 elementor-top-column elementor-element elementor-element-307493b\" data-id=\"307493b\" data-element_type=\"column\" data-e-type=\"column\">\n\t\t\t<div class=\"elementor-widget-wrap elementor-element-populated\">\n\t\t\t\t\t\t<div class=\"elementor-element elementor-element-252669f elementor-widget elementor-widget-heading\" data-id=\"252669f\" data-element_type=\"widget\" data-e-type=\"widget\" data-widget_type=\"heading.default\">\n\t\t\t\t<div class=\"elementor-widget-container\">\n\t\t\t\t\t<h1 class=\"elementor-heading-title elementor-size-default\">Sociedad<\/h1>\t\t\t\t<\/div>\n\t\t\t\t<\/div>\n\t\t\t\t<div class=\"elementor-element elementor-element-88db9a3 elementor-widget-divider--view-line elementor-widget elementor-widget-divider\" data-id=\"88db9a3\" data-element_type=\"widget\" data-e-type=\"widget\" data-widget_type=\"divider.default\">\n\t\t\t\t<div class=\"elementor-widget-container\">\n\t\t\t\t\t\t\t<div class=\"elementor-divider\">\n\t\t\t<span class=\"elementor-divider-separator\">\n\t\t\t\t\t\t<\/span>\n\t\t<\/div>\n\t\t\t\t\t\t<\/div>\n\t\t\t\t<\/div>\n\t\t\t\t\t<\/div>\n\t\t<\/div>\n\t\t\t\t\t<\/div>\n\t\t<\/section>\n\t\t<div class=\"elementor-element elementor-element-8662c68 e-con-full e-flex e-con e-parent\" data-id=\"8662c68\" data-element_type=\"container\" data-e-type=\"container\" data-settings=\"{&quot;background_background&quot;:&quot;classic&quot;}\">\n\t\t<div class=\"elementor-element elementor-element-985c741 e-con-full e-flex e-con e-child\" data-id=\"985c741\" data-element_type=\"container\" data-e-type=\"container\">\n\t\t\t\t<div class=\"elementor-element elementor-element-5292ba9 elementor-widget elementor-widget-heading\" data-id=\"5292ba9\" data-element_type=\"widget\" data-e-type=\"widget\" data-widget_type=\"heading.default\">\n\t\t\t\t<div class=\"elementor-widget-container\">\n\t\t\t\t\t<h2 class=\"elementor-heading-title elementor-size-default\">Resultados<\/h2>\t\t\t\t<\/div>\n\t\t\t\t<\/div>\n\t\t\t\t<div class=\"elementor-element elementor-element-b9733ce elementor-widget elementor-widget-text-editor\" data-id=\"b9733ce\" data-element_type=\"widget\" data-e-type=\"widget\" data-widget_type=\"text-editor.default\">\n\t\t\t\t<div class=\"elementor-widget-container\">\n\t\t\t\t\t\t\t\t\t<p>En las siguientes gr\u00e1ficas se muestra, a trav\u00e9s de una representaci\u00f3n por mapas de calor y haciendo uso de t\u00e9cnicas de IA, la evoluci\u00f3n de la caracterizaci\u00f3n de la poblaci\u00f3n espa\u00f1ola en los \u00faltimos a\u00f1os.\u00a0\u00a0<\/p><p>La poblaci\u00f3n en general se ha podido caracterizar en cinco grupos a trav\u00e9s de 23 variables sociales, entre las que destacaban la Felicidad y Esperanza en el Futuro. Estas variables est\u00e1n presentes en todas las gr\u00e1ficas, en las columnas 1 y 2. El color verde representa positividad y rojo negatividad.\u00a0<\/p><p>En los \u00faltimos a\u00f1os, vemos como ha existido una perdida de caracterizaci\u00f3n, n\u00famero de grupos y variables, motivado por aspecto como la pandemia y aspecto socioecon\u00f3micos (figuras 2 y 3).\u00a0<\/p><p>Cabe destacar la figura 4, donde podemos observar que existe un porcentaje muy elevado de la poblaci\u00f3n, que tanto la Esperanza como la Felicidad es totalmente negativa, mientras que los otros grupos, la positividad tambi\u00e9n se ve afectada.<\/p>\t\t\t\t\t\t\t\t<\/div>\n\t\t\t\t<\/div>\n\t\t\t\t<\/div>\n\t\t\t\t<\/div>\n\t\t<div class=\"elementor-element elementor-element-2e59207 e-con-full e-flex e-con e-parent\" data-id=\"2e59207\" data-element_type=\"container\" data-e-type=\"container\">\n\t\t<div class=\"elementor-element elementor-element-6cdfb2b e-con-full e-flex e-con e-child\" data-id=\"6cdfb2b\" data-element_type=\"container\" data-e-type=\"container\">\n\t\t\t\t<div class=\"elementor-element elementor-element-b69d744 elementor-widget elementor-widget-heading\" data-id=\"b69d744\" data-element_type=\"widget\" data-e-type=\"widget\" data-widget_type=\"heading.default\">\n\t\t\t\t<div class=\"elementor-widget-container\">\n\t\t\t\t\t<h2 class=\"elementor-heading-title elementor-size-default\">Gr\u00e1fico 1<\/h2>\t\t\t\t<\/div>\n\t\t\t\t<\/div>\n\t\t\t\t<div class=\"elementor-element elementor-element-adffb66 elementor-widget elementor-widget-image\" data-id=\"adffb66\" data-element_type=\"widget\" data-e-type=\"widget\" data-widget_type=\"image.default\">\n\t\t\t\t<div class=\"elementor-widget-container\">\n\t\t\t\t\t\t\t\t\t\t\t\t\t\t\t<img fetchpriority=\"high\" decoding=\"async\" width=\"1024\" height=\"576\" src=\"https:\/\/conducta-suicida.cisa-uma.es\/wp-content\/uploads\/2023\/11\/1.1-1024x576.png\" class=\"attachment-large size-large wp-image-397\" alt=\"\" srcset=\"https:\/\/conducta-suicida.cisa-uma.es\/wp-content\/uploads\/2023\/11\/1.1-1024x576.png 1024w, https:\/\/conducta-suicida.cisa-uma.es\/wp-content\/uploads\/2023\/11\/1.1-300x169.png 300w, https:\/\/conducta-suicida.cisa-uma.es\/wp-content\/uploads\/2023\/11\/1.1-768x432.png 768w, https:\/\/conducta-suicida.cisa-uma.es\/wp-content\/uploads\/2023\/11\/1.1.png 1298w\" sizes=\"(max-width: 1024px) 100vw, 1024px\" \/>\t\t\t\t\t\t\t\t\t\t\t\t\t\t\t<\/div>\n\t\t\t\t<\/div>\n\t\t\t\t<\/div>\n\t\t\t\t<div class=\"elementor-element elementor-element-0581efb elementor-widget-divider--view-line_icon elementor-widget__width-initial elementor-view-default elementor-widget-divider--element-align-center elementor-widget elementor-widget-divider\" data-id=\"0581efb\" data-element_type=\"widget\" data-e-type=\"widget\" data-widget_type=\"divider.default\">\n\t\t\t\t<div class=\"elementor-widget-container\">\n\t\t\t\t\t\t\t<div class=\"elementor-divider\">\n\t\t\t<span class=\"elementor-divider-separator\">\n\t\t\t\t\t\t\t<div class=\"elementor-icon elementor-divider__element\">\n\t\t\t\t\t<svg aria-hidden=\"true\" class=\"e-font-icon-svg e-fas-star\" viewBox=\"0 0 576 512\" xmlns=\"http:\/\/www.w3.org\/2000\/svg\"><path d=\"M259.3 17.8L194 150.2 47.9 171.5c-26.2 3.8-36.7 36.1-17.7 54.6l105.7 103-25 145.5c-4.5 26.3 23.2 46 46.4 33.7L288 439.6l130.7 68.7c23.2 12.2 50.9-7.4 46.4-33.7l-25-145.5 105.7-103c19-18.5 8.5-50.8-17.7-54.6L382 150.2 316.7 17.8c-11.7-23.6-45.6-23.9-57.4 0z\"><\/path><\/svg><\/div>\n\t\t\t\t\t\t<\/span>\n\t\t<\/div>\n\t\t\t\t\t\t<\/div>\n\t\t\t\t<\/div>\n\t\t<div class=\"elementor-element elementor-element-0ec37e9 e-con-full e-flex e-con e-child\" data-id=\"0ec37e9\" data-element_type=\"container\" data-e-type=\"container\">\n\t\t\t\t<div class=\"elementor-element elementor-element-7bc78b2 elementor-widget elementor-widget-heading\" data-id=\"7bc78b2\" data-element_type=\"widget\" data-e-type=\"widget\" data-widget_type=\"heading.default\">\n\t\t\t\t<div class=\"elementor-widget-container\">\n\t\t\t\t\t<h2 class=\"elementor-heading-title elementor-size-default\">Gr\u00e1fico 2<\/h2>\t\t\t\t<\/div>\n\t\t\t\t<\/div>\n\t\t\t\t<div class=\"elementor-element elementor-element-c6870fb elementor-widget elementor-widget-image\" data-id=\"c6870fb\" data-element_type=\"widget\" data-e-type=\"widget\" data-widget_type=\"image.default\">\n\t\t\t\t<div class=\"elementor-widget-container\">\n\t\t\t\t\t\t\t\t\t\t\t\t\t\t\t<img decoding=\"async\" width=\"1011\" height=\"569\" src=\"https:\/\/conducta-suicida.cisa-uma.es\/wp-content\/uploads\/2023\/11\/1.png\" class=\"attachment-large size-large wp-image-398\" alt=\"\" srcset=\"https:\/\/conducta-suicida.cisa-uma.es\/wp-content\/uploads\/2023\/11\/1.png 1011w, https:\/\/conducta-suicida.cisa-uma.es\/wp-content\/uploads\/2023\/11\/1-300x169.png 300w, https:\/\/conducta-suicida.cisa-uma.es\/wp-content\/uploads\/2023\/11\/1-768x432.png 768w\" sizes=\"(max-width: 1011px) 100vw, 1011px\" \/>\t\t\t\t\t\t\t\t\t\t\t\t\t\t\t<\/div>\n\t\t\t\t<\/div>\n\t\t\t\t<\/div>\n\t\t\t\t<\/div>\n\t\t<div class=\"elementor-element elementor-element-098f0cf e-con-full e-flex e-con e-parent\" data-id=\"098f0cf\" data-element_type=\"container\" data-e-type=\"container\" data-settings=\"{&quot;background_background&quot;:&quot;classic&quot;}\">\n\t\t<div class=\"elementor-element elementor-element-64b37f8 e-con-full e-flex e-con e-child\" data-id=\"64b37f8\" data-element_type=\"container\" data-e-type=\"container\">\n\t\t\t\t<div class=\"elementor-element elementor-element-8c6a310 elementor-widget elementor-widget-heading\" data-id=\"8c6a310\" data-element_type=\"widget\" data-e-type=\"widget\" data-widget_type=\"heading.default\">\n\t\t\t\t<div class=\"elementor-widget-container\">\n\t\t\t\t\t<h2 class=\"elementor-heading-title elementor-size-default\">Gr\u00e1fico 3<\/h2>\t\t\t\t<\/div>\n\t\t\t\t<\/div>\n\t\t\t\t<div class=\"elementor-element elementor-element-2d40068 elementor-widget__width-initial elementor-widget elementor-widget-image\" data-id=\"2d40068\" data-element_type=\"widget\" data-e-type=\"widget\" data-widget_type=\"image.default\">\n\t\t\t\t<div class=\"elementor-widget-container\">\n\t\t\t\t\t\t\t\t\t\t\t\t\t\t\t<img decoding=\"async\" width=\"1024\" height=\"578\" src=\"https:\/\/conducta-suicida.cisa-uma.es\/wp-content\/uploads\/2023\/11\/3-1024x578.png\" class=\"attachment-large size-large wp-image-399\" alt=\"\" srcset=\"https:\/\/conducta-suicida.cisa-uma.es\/wp-content\/uploads\/2023\/11\/3-1024x578.png 1024w, https:\/\/conducta-suicida.cisa-uma.es\/wp-content\/uploads\/2023\/11\/3-300x169.png 300w, https:\/\/conducta-suicida.cisa-uma.es\/wp-content\/uploads\/2023\/11\/3-768x433.png 768w, https:\/\/conducta-suicida.cisa-uma.es\/wp-content\/uploads\/2023\/11\/3.png 1296w\" sizes=\"(max-width: 1024px) 100vw, 1024px\" \/>\t\t\t\t\t\t\t\t\t\t\t\t\t\t\t<\/div>\n\t\t\t\t<\/div>\n\t\t\t\t<\/div>\n\t\t\t\t<div class=\"elementor-element elementor-element-37fda12 elementor-widget-divider--view-line_icon elementor-widget__width-initial elementor-view-default elementor-widget-divider--element-align-center elementor-widget elementor-widget-divider\" data-id=\"37fda12\" data-element_type=\"widget\" data-e-type=\"widget\" data-widget_type=\"divider.default\">\n\t\t\t\t<div class=\"elementor-widget-container\">\n\t\t\t\t\t\t\t<div class=\"elementor-divider\">\n\t\t\t<span class=\"elementor-divider-separator\">\n\t\t\t\t\t\t\t<div class=\"elementor-icon elementor-divider__element\">\n\t\t\t\t\t<svg aria-hidden=\"true\" class=\"e-font-icon-svg e-fas-star\" viewBox=\"0 0 576 512\" xmlns=\"http:\/\/www.w3.org\/2000\/svg\"><path d=\"M259.3 17.8L194 150.2 47.9 171.5c-26.2 3.8-36.7 36.1-17.7 54.6l105.7 103-25 145.5c-4.5 26.3 23.2 46 46.4 33.7L288 439.6l130.7 68.7c23.2 12.2 50.9-7.4 46.4-33.7l-25-145.5 105.7-103c19-18.5 8.5-50.8-17.7-54.6L382 150.2 316.7 17.8c-11.7-23.6-45.6-23.9-57.4 0z\"><\/path><\/svg><\/div>\n\t\t\t\t\t\t<\/span>\n\t\t<\/div>\n\t\t\t\t\t\t<\/div>\n\t\t\t\t<\/div>\n\t\t<div class=\"elementor-element elementor-element-d75c0d7 e-con-full e-flex e-con e-child\" data-id=\"d75c0d7\" data-element_type=\"container\" data-e-type=\"container\">\n\t\t\t\t<div class=\"elementor-element elementor-element-50a5998 elementor-widget elementor-widget-heading\" data-id=\"50a5998\" data-element_type=\"widget\" data-e-type=\"widget\" data-widget_type=\"heading.default\">\n\t\t\t\t<div class=\"elementor-widget-container\">\n\t\t\t\t\t<h2 class=\"elementor-heading-title elementor-size-default\">Gr\u00e1fico 4<\/h2>\t\t\t\t<\/div>\n\t\t\t\t<\/div>\n\t\t\t\t<div class=\"elementor-element elementor-element-4bfb04e elementor-widget__width-initial elementor-widget elementor-widget-image\" data-id=\"4bfb04e\" data-element_type=\"widget\" data-e-type=\"widget\" data-widget_type=\"image.default\">\n\t\t\t\t<div class=\"elementor-widget-container\">\n\t\t\t\t\t\t\t\t\t\t\t\t\t\t\t<img loading=\"lazy\" decoding=\"async\" width=\"1024\" height=\"379\" src=\"https:\/\/conducta-suicida.cisa-uma.es\/wp-content\/uploads\/2023\/11\/4-1024x379.png\" class=\"attachment-large size-large wp-image-400\" alt=\"\" srcset=\"https:\/\/conducta-suicida.cisa-uma.es\/wp-content\/uploads\/2023\/11\/4-1024x379.png 1024w, https:\/\/conducta-suicida.cisa-uma.es\/wp-content\/uploads\/2023\/11\/4-300x111.png 300w, https:\/\/conducta-suicida.cisa-uma.es\/wp-content\/uploads\/2023\/11\/4-768x284.png 768w, https:\/\/conducta-suicida.cisa-uma.es\/wp-content\/uploads\/2023\/11\/4.png 1310w\" sizes=\"(max-width: 1024px) 100vw, 1024px\" \/>\t\t\t\t\t\t\t\t\t\t\t\t\t\t\t<\/div>\n\t\t\t\t<\/div>\n\t\t\t\t<\/div>\n\t\t\t\t<\/div>\n\t\t\t\t<\/div>\n\t\t","protected":false},"excerpt":{"rendered":"<p>Sociedad Resultados En las siguientes gr\u00e1ficas se muestra, a trav\u00e9s de una representaci\u00f3n por mapas de calor y haciendo uso de t\u00e9cnicas de IA, la evoluci\u00f3n de la caracterizaci\u00f3n de la poblaci\u00f3n espa\u00f1ola en los \u00faltimos a\u00f1os.\u00a0\u00a0 La poblaci\u00f3n en general se ha podido caracterizar en cinco grupos a trav\u00e9s de 23 variables sociales, entre&hellip;&nbsp;<a href=\"https:\/\/conducta-suicida.cisa-uma.es\/?page_id=356\" rel=\"bookmark\">Leer m\u00e1s &raquo;<span class=\"screen-reader-text\">Sociedad<\/span><\/a><\/p>\n","protected":false},"author":1,"featured_media":0,"parent":0,"menu_order":0,"comment_status":"closed","ping_status":"closed","template":"page-templates\/template-pagebuilder-full-width.php","meta":{"neve_meta_sidebar":"full-width","neve_meta_container":"","neve_meta_enable_content_width":"on","neve_meta_content_width":100,"neve_meta_title_alignment":"","neve_meta_author_avatar":"","neve_post_elements_order":"","neve_meta_disable_header":"","neve_meta_disable_footer":"","neve_meta_disable_title":"on","footnotes":""},"class_list":["post-356","page","type-page","status-publish","hentry"],"_links":{"self":[{"href":"https:\/\/conducta-suicida.cisa-uma.es\/index.php?rest_route=\/wp\/v2\/pages\/356","targetHints":{"allow":["GET"]}}],"collection":[{"href":"https:\/\/conducta-suicida.cisa-uma.es\/index.php?rest_route=\/wp\/v2\/pages"}],"about":[{"href":"https:\/\/conducta-suicida.cisa-uma.es\/index.php?rest_route=\/wp\/v2\/types\/page"}],"author":[{"embeddable":true,"href":"https:\/\/conducta-suicida.cisa-uma.es\/index.php?rest_route=\/wp\/v2\/users\/1"}],"replies":[{"embeddable":true,"href":"https:\/\/conducta-suicida.cisa-uma.es\/index.php?rest_route=%2Fwp%2Fv2%2Fcomments&post=356"}],"version-history":[{"count":19,"href":"https:\/\/conducta-suicida.cisa-uma.es\/index.php?rest_route=\/wp\/v2\/pages\/356\/revisions"}],"predecessor-version":[{"id":423,"href":"https:\/\/conducta-suicida.cisa-uma.es\/index.php?rest_route=\/wp\/v2\/pages\/356\/revisions\/423"}],"wp:attachment":[{"href":"https:\/\/conducta-suicida.cisa-uma.es\/index.php?rest_route=%2Fwp%2Fv2%2Fmedia&parent=356"}],"curies":[{"name":"wp","href":"https:\/\/api.w.org\/{rel}","templated":true}]}}