{"id":15,"date":"2023-11-13T12:17:09","date_gmt":"2023-11-13T11:17:09","guid":{"rendered":"https:\/\/conducta-suicida.cisa-uma.es\/?page_id=15"},"modified":"2023-11-14T20:51:22","modified_gmt":"2023-11-14T19:51:22","slug":"como-participar","status":"publish","type":"page","link":"https:\/\/conducta-suicida.cisa-uma.es\/?page_id=15","title":{"rendered":"C\u00f3mo participar"},"content":{"rendered":"\t\t<div data-elementor-type=\"wp-page\" data-elementor-id=\"15\" class=\"elementor elementor-15\">\n\t\t\t\t\t\t<section class=\"elementor-section elementor-top-section elementor-element elementor-element-f8725aa elementor-section-height-min-height elementor-section-full_width elementor-section-height-default elementor-section-items-middle\" data-id=\"f8725aa\" data-element_type=\"section\" data-e-type=\"section\" data-settings=\"{&quot;background_background&quot;:&quot;classic&quot;}\">\n\t\t\t\t\t\t\t<div class=\"elementor-background-overlay\"><\/div>\n\t\t\t\t\t\t\t<div class=\"elementor-container elementor-column-gap-extended\">\n\t\t\t\t\t<div class=\"elementor-column elementor-col-100 elementor-top-column elementor-element elementor-element-fa0b59e\" data-id=\"fa0b59e\" data-element_type=\"column\" data-e-type=\"column\">\n\t\t\t<div class=\"elementor-widget-wrap elementor-element-populated\">\n\t\t\t\t\t\t<div class=\"elementor-element elementor-element-b42fc96 elementor-widget elementor-widget-heading\" data-id=\"b42fc96\" data-element_type=\"widget\" data-e-type=\"widget\" data-widget_type=\"heading.default\">\n\t\t\t\t<div class=\"elementor-widget-container\">\n\t\t\t\t\t<h1 class=\"elementor-heading-title elementor-size-default\">C\u00f3mo participar<\/h1>\t\t\t\t<\/div>\n\t\t\t\t<\/div>\n\t\t\t\t<div class=\"elementor-element elementor-element-0bc5a9e elementor-widget-divider--view-line elementor-widget elementor-widget-divider\" data-id=\"0bc5a9e\" data-element_type=\"widget\" data-e-type=\"widget\" data-widget_type=\"divider.default\">\n\t\t\t\t<div class=\"elementor-widget-container\">\n\t\t\t\t\t\t\t<div class=\"elementor-divider\">\n\t\t\t<span class=\"elementor-divider-separator\">\n\t\t\t\t\t\t<\/span>\n\t\t<\/div>\n\t\t\t\t\t\t<\/div>\n\t\t\t\t<\/div>\n\t\t\t\t\t<\/div>\n\t\t<\/div>\n\t\t\t\t\t<\/div>\n\t\t<\/section>\n\t\t<div class=\"elementor-element elementor-element-350e941 e-flex e-con-boxed e-con e-parent\" data-id=\"350e941\" data-element_type=\"container\" data-e-type=\"container\">\n\t\t\t\t\t<div class=\"e-con-inner\">\n\t\t<div class=\"elementor-element elementor-element-58ce8f4 e-con-full e-flex e-con e-child\" data-id=\"58ce8f4\" data-element_type=\"container\" data-e-type=\"container\">\n\t\t\t\t<div class=\"elementor-element elementor-element-c35c02e elementor-widget elementor-widget-text-editor\" data-id=\"c35c02e\" data-element_type=\"widget\" data-e-type=\"widget\" data-widget_type=\"text-editor.default\">\n\t\t\t\t<div class=\"elementor-widget-container\">\n\t\t\t\t\t\t\t\t\t<p>La participaci\u00f3n en este proyecto de Banco de Datos para la prevenci\u00f3n y postvenci\u00f3n de la conducta suicida, se puede realizar en las siguientes modalidades:<\/p>\t\t\t\t\t\t\t\t<\/div>\n\t\t\t\t<\/div>\n\t\t\t\t<div class=\"elementor-element elementor-element-7f464fb elementor-widget elementor-widget-heading\" data-id=\"7f464fb\" data-element_type=\"widget\" data-e-type=\"widget\" data-widget_type=\"heading.default\">\n\t\t\t\t<div class=\"elementor-widget-container\">\n\t\t\t\t\t<h2 class=\"elementor-heading-title elementor-size-default\">Colaboradores<\/h2>\t\t\t\t<\/div>\n\t\t\t\t<\/div>\n\t\t\t\t<div class=\"elementor-element elementor-element-a9fc44f elementor-widget elementor-widget-text-editor\" data-id=\"a9fc44f\" data-element_type=\"widget\" data-e-type=\"widget\" data-widget_type=\"text-editor.default\">\n\t\t\t\t<div class=\"elementor-widget-container\">\n\t\t\t\t\t\t\t\t\t<p>Esta figura est\u00e1 formada por todos aquellos usuarios que proporcionan informaci\u00f3n al Banco de Datos. Estos usuarios disponen de un \u00e1rea personal con informaci\u00f3n privada donde almacenar y analizar sus datos, pudiendo hacer an\u00e1lisis comparativos entre sus datos y los datos p\u00fablicos anonimizados.<\/p>\t\t\t\t\t\t\t\t<\/div>\n\t\t\t\t<\/div>\n\t\t\t\t<\/div>\n\t\t<div class=\"elementor-element elementor-element-c658655 e-con-full e-flex e-con e-child\" data-id=\"c658655\" data-element_type=\"container\" data-e-type=\"container\">\n\t\t\t\t<div class=\"elementor-element elementor-element-99ebf00 elementor-widget elementor-widget-image\" data-id=\"99ebf00\" data-element_type=\"widget\" data-e-type=\"widget\" data-widget_type=\"image.default\">\n\t\t\t\t<div class=\"elementor-widget-container\">\n\t\t\t\t\t\t\t\t\t\t\t\t\t\t\t<img fetchpriority=\"high\" decoding=\"async\" width=\"1024\" height=\"713\" src=\"https:\/\/conducta-suicida.cisa-uma.es\/wp-content\/uploads\/2023\/11\/asfd-1024x713.jpg\" class=\"attachment-large size-large wp-image-198\" alt=\"\" srcset=\"https:\/\/conducta-suicida.cisa-uma.es\/wp-content\/uploads\/2023\/11\/asfd-1024x713.jpg 1024w, https:\/\/conducta-suicida.cisa-uma.es\/wp-content\/uploads\/2023\/11\/asfd-300x209.jpg 300w, https:\/\/conducta-suicida.cisa-uma.es\/wp-content\/uploads\/2023\/11\/asfd-768x535.jpg 768w, https:\/\/conducta-suicida.cisa-uma.es\/wp-content\/uploads\/2023\/11\/asfd.jpg 1423w\" sizes=\"(max-width: 1024px) 100vw, 1024px\" \/>\t\t\t\t\t\t\t\t\t\t\t\t\t\t\t<\/div>\n\t\t\t\t<\/div>\n\t\t\t\t<\/div>\n\t\t\t\t\t<\/div>\n\t\t\t\t<\/div>\n\t\t<div class=\"elementor-element elementor-element-575f487 e-flex e-con-boxed e-con e-parent\" data-id=\"575f487\" data-element_type=\"container\" data-e-type=\"container\">\n\t\t\t\t\t<div class=\"e-con-inner\">\n\t\t<div class=\"elementor-element elementor-element-c394a12 e-con-full e-flex e-con e-child\" data-id=\"c394a12\" data-element_type=\"container\" data-e-type=\"container\">\n\t\t\t\t<div class=\"elementor-element elementor-element-a86035b elementor-widget__width-initial elementor-widget elementor-widget-image\" data-id=\"a86035b\" data-element_type=\"widget\" data-e-type=\"widget\" data-widget_type=\"image.default\">\n\t\t\t\t<div class=\"elementor-widget-container\">\n\t\t\t\t\t\t\t\t\t\t\t\t\t\t\t<img decoding=\"async\" width=\"768\" height=\"536\" src=\"https:\/\/conducta-suicida.cisa-uma.es\/wp-content\/uploads\/2023\/11\/Captura-768x536.png\" class=\"attachment-medium_large size-medium_large wp-image-217\" alt=\"\" srcset=\"https:\/\/conducta-suicida.cisa-uma.es\/wp-content\/uploads\/2023\/11\/Captura-768x536.png 768w, https:\/\/conducta-suicida.cisa-uma.es\/wp-content\/uploads\/2023\/11\/Captura-300x209.png 300w, https:\/\/conducta-suicida.cisa-uma.es\/wp-content\/uploads\/2023\/11\/Captura-1024x714.png 1024w, https:\/\/conducta-suicida.cisa-uma.es\/wp-content\/uploads\/2023\/11\/Captura.png 1381w\" sizes=\"(max-width: 768px) 100vw, 768px\" \/>\t\t\t\t\t\t\t\t\t\t\t\t\t\t\t<\/div>\n\t\t\t\t<\/div>\n\t\t\t\t<\/div>\n\t\t<div class=\"elementor-element elementor-element-55f2a18 e-con-full e-flex e-con e-child\" data-id=\"55f2a18\" data-element_type=\"container\" data-e-type=\"container\">\n\t\t\t\t<div class=\"elementor-element elementor-element-d5e9767 elementor-widget elementor-widget-heading\" data-id=\"d5e9767\" data-element_type=\"widget\" data-e-type=\"widget\" data-widget_type=\"heading.default\">\n\t\t\t\t<div class=\"elementor-widget-container\">\n\t\t\t\t\t<h2 class=\"elementor-heading-title elementor-size-default\">Consultores<\/h2>\t\t\t\t<\/div>\n\t\t\t\t<\/div>\n\t\t\t\t<div class=\"elementor-element elementor-element-65ca324 elementor-widget elementor-widget-text-editor\" data-id=\"65ca324\" data-element_type=\"widget\" data-e-type=\"widget\" data-widget_type=\"text-editor.default\">\n\t\t\t\t<div class=\"elementor-widget-container\">\n\t\t\t\t\t\t\t\t\t<p>Esta figura se corresponde con aquellos usuarios que acceden a la parte p\u00fablica del Banco de Datos, para realizar an\u00e1lisis poblaciones anonimizados acerca de la tem\u00e1tica.<\/p><p>Adem\u00e1s, el Banco de Datos permite la participaci\u00f3n como patrocinadores, con el objetivo de mejorar el Banco de Datos, mediante aportaciones econ\u00f3micas o en recursos tanto f\u00edsicos como humanos.<\/p>\t\t\t\t\t\t\t\t<\/div>\n\t\t\t\t<\/div>\n\t\t\t\t<\/div>\n\t\t\t\t\t<\/div>\n\t\t\t\t<\/div>\n\t\t\t\t<\/div>\n\t\t","protected":false},"excerpt":{"rendered":"<p>C\u00f3mo participar La participaci\u00f3n en este proyecto de Banco de Datos para la prevenci\u00f3n y postvenci\u00f3n de la conducta suicida, se puede realizar en las siguientes modalidades: Colaboradores Esta figura est\u00e1 formada por todos aquellos usuarios que proporcionan informaci\u00f3n al Banco de Datos. Estos usuarios disponen de un \u00e1rea personal con informaci\u00f3n privada donde almacenar&hellip;&nbsp;<a href=\"https:\/\/conducta-suicida.cisa-uma.es\/?page_id=15\" rel=\"bookmark\">Leer m\u00e1s &raquo;<span class=\"screen-reader-text\">C\u00f3mo participar<\/span><\/a><\/p>\n","protected":false},"author":1,"featured_media":0,"parent":0,"menu_order":0,"comment_status":"closed","ping_status":"closed","template":"page-templates\/template-pagebuilder-full-width.php","meta":{"neve_meta_sidebar":"full-width","neve_meta_container":"","neve_meta_enable_content_width":"on","neve_meta_content_width":100,"neve_meta_title_alignment":"","neve_meta_author_avatar":"","neve_post_elements_order":"","neve_meta_disable_header":"","neve_meta_disable_footer":"","neve_meta_disable_title":"on","footnotes":""},"class_list":["post-15","page","type-page","status-publish","hentry"],"_links":{"self":[{"href":"https:\/\/conducta-suicida.cisa-uma.es\/index.php?rest_route=\/wp\/v2\/pages\/15","targetHints":{"allow":["GET"]}}],"collection":[{"href":"https:\/\/conducta-suicida.cisa-uma.es\/index.php?rest_route=\/wp\/v2\/pages"}],"about":[{"href":"https:\/\/conducta-suicida.cisa-uma.es\/index.php?rest_route=\/wp\/v2\/types\/page"}],"author":[{"embeddable":true,"href":"https:\/\/conducta-suicida.cisa-uma.es\/index.php?rest_route=\/wp\/v2\/users\/1"}],"replies":[{"embeddable":true,"href":"https:\/\/conducta-suicida.cisa-uma.es\/index.php?rest_route=%2Fwp%2Fv2%2Fcomments&post=15"}],"version-history":[{"count":43,"href":"https:\/\/conducta-suicida.cisa-uma.es\/index.php?rest_route=\/wp\/v2\/pages\/15\/revisions"}],"predecessor-version":[{"id":321,"href":"https:\/\/conducta-suicida.cisa-uma.es\/index.php?rest_route=\/wp\/v2\/pages\/15\/revisions\/321"}],"wp:attachment":[{"href":"https:\/\/conducta-suicida.cisa-uma.es\/index.php?rest_route=%2Fwp%2Fv2%2Fmedia&parent=15"}],"curies":[{"name":"wp","href":"https:\/\/api.w.org\/{rel}","templated":true}]}}