{"id":13,"date":"2023-11-13T12:16:57","date_gmt":"2023-11-13T11:16:57","guid":{"rendered":"https:\/\/conducta-suicida.cisa-uma.es\/?page_id=13"},"modified":"2023-11-15T10:13:08","modified_gmt":"2023-11-15T09:13:08","slug":"impulsores","status":"publish","type":"page","link":"https:\/\/conducta-suicida.cisa-uma.es\/?page_id=13","title":{"rendered":"Impulsores"},"content":{"rendered":"\t\t<div data-elementor-type=\"wp-page\" data-elementor-id=\"13\" class=\"elementor elementor-13\">\n\t\t\t\t\t\t<section class=\"elementor-section elementor-top-section elementor-element elementor-element-27c137b elementor-section-height-min-height elementor-section-boxed elementor-section-height-default elementor-section-items-middle\" data-id=\"27c137b\" data-element_type=\"section\" data-e-type=\"section\">\n\t\t\t\t\t\t\t<div class=\"elementor-background-overlay\"><\/div>\n\t\t\t\t\t\t\t<div class=\"elementor-container elementor-column-gap-extended\">\n\t\t\t\t\t<div class=\"elementor-column elementor-col-100 elementor-top-column elementor-element elementor-element-757055b\" data-id=\"757055b\" data-element_type=\"column\" data-e-type=\"column\">\n\t\t\t<div class=\"elementor-widget-wrap elementor-element-populated\">\n\t\t\t\t\t\t<div class=\"elementor-element elementor-element-77c6664 elementor-widget elementor-widget-heading\" data-id=\"77c6664\" data-element_type=\"widget\" data-e-type=\"widget\" data-widget_type=\"heading.default\">\n\t\t\t\t<div class=\"elementor-widget-container\">\n\t\t\t\t\t<h1 class=\"elementor-heading-title elementor-size-default\">Impulsores<\/h1>\t\t\t\t<\/div>\n\t\t\t\t<\/div>\n\t\t\t\t<div class=\"elementor-element elementor-element-b9620d7 elementor-widget-divider--view-line elementor-widget elementor-widget-divider\" data-id=\"b9620d7\" data-element_type=\"widget\" data-e-type=\"widget\" data-widget_type=\"divider.default\">\n\t\t\t\t<div class=\"elementor-widget-container\">\n\t\t\t\t\t\t\t<div class=\"elementor-divider\">\n\t\t\t<span class=\"elementor-divider-separator\">\n\t\t\t\t\t\t<\/span>\n\t\t<\/div>\n\t\t\t\t\t\t<\/div>\n\t\t\t\t<\/div>\n\t\t\t\t\t<\/div>\n\t\t<\/div>\n\t\t\t\t\t<\/div>\n\t\t<\/section>\n\t\t<div class=\"elementor-element elementor-element-54afaca e-con-full e-flex e-con e-parent\" data-id=\"54afaca\" data-element_type=\"container\" data-e-type=\"container\" data-settings=\"{&quot;background_background&quot;:&quot;classic&quot;}\">\n\t\t<div class=\"elementor-element elementor-element-251e4db e-con-full e-flex e-con e-child\" data-id=\"251e4db\" data-element_type=\"container\" data-e-type=\"container\">\n\t\t\t\t<div class=\"elementor-element elementor-element-8c6539f elementor-widget elementor-widget-heading\" data-id=\"8c6539f\" data-element_type=\"widget\" data-e-type=\"widget\" data-widget_type=\"heading.default\">\n\t\t\t\t<div class=\"elementor-widget-container\">\n\t\t\t\t\t<h2 class=\"elementor-heading-title elementor-size-default\">Impulsores<\/h2>\t\t\t\t<\/div>\n\t\t\t\t<\/div>\n\t\t\t\t<div class=\"elementor-element elementor-element-9041447 elementor-widget__width-initial elementor-widget elementor-widget-text-editor\" data-id=\"9041447\" data-element_type=\"widget\" data-e-type=\"widget\" data-widget_type=\"text-editor.default\">\n\t\t\t\t<div class=\"elementor-widget-container\">\n\t\t\t\t\t\t\t\t\t<p class=\"MsoNormal\" style=\"text-align: justify;\"><span style=\"font-family: 'Arial',sans-serif;\">Este proyecto pionero de poner a disposici\u00f3n de la sociedad en su conjunto un Banco de Datos para la prevenci\u00f3n y postvenci\u00f3n de la conducta suicida, ha sido impulsado por la Diputaci\u00f3n de M\u00e1laga junto a la Universidad de M\u00e1laga a trav\u00e9s del Aula de M\u00e9tricas y Gesti\u00f3n de Intangibles del Centro de Investigaci\u00f3n Social Aplicada. <\/span><\/p><p>\u00a0<\/p><p class=\"MsoNormal\" style=\"text-align: justify;\"><span style=\"font-family: 'Arial',sans-serif;\">Este proyecto cuenta con la colaboraci\u00f3n de diferentes asociaciones y fundaciones como son Alheli, Afesol, Afenes y el Tel\u00e9fono de la Esperanza, cuya colaboraci\u00f3n est\u00e1 siendo esencial para la construcci\u00f3n de esta herramienta de an\u00e1lisis social abierta.\u00a0<\/span><\/p>\t\t\t\t\t\t\t\t<\/div>\n\t\t\t\t<\/div>\n\t\t\t\t<\/div>\n\t\t<div class=\"elementor-element elementor-element-30a1705 e-con-full e-flex e-con e-child\" data-id=\"30a1705\" data-element_type=\"container\" data-e-type=\"container\">\n\t\t\t\t<div class=\"elementor-element elementor-element-c13438c elementor-widget__width-initial elementor-widget elementor-widget-image\" data-id=\"c13438c\" data-element_type=\"widget\" data-e-type=\"widget\" data-widget_type=\"image.default\">\n\t\t\t\t<div class=\"elementor-widget-container\">\n\t\t\t\t\t\t\t\t\t\t\t\t\t\t\t<img fetchpriority=\"high\" decoding=\"async\" width=\"2048\" height=\"1152\" src=\"https:\/\/conducta-suicida.cisa-uma.es\/wp-content\/uploads\/2023\/11\/concepto-solidaridad-vista-superior-2048x1152.jpg\" class=\"attachment-2048x2048 size-2048x2048 wp-image-159\" alt=\"\" srcset=\"https:\/\/conducta-suicida.cisa-uma.es\/wp-content\/uploads\/2023\/11\/concepto-solidaridad-vista-superior-2048x1152.jpg 2048w, https:\/\/conducta-suicida.cisa-uma.es\/wp-content\/uploads\/2023\/11\/concepto-solidaridad-vista-superior-300x169.jpg 300w, https:\/\/conducta-suicida.cisa-uma.es\/wp-content\/uploads\/2023\/11\/concepto-solidaridad-vista-superior-1024x576.jpg 1024w, https:\/\/conducta-suicida.cisa-uma.es\/wp-content\/uploads\/2023\/11\/concepto-solidaridad-vista-superior-768x432.jpg 768w, https:\/\/conducta-suicida.cisa-uma.es\/wp-content\/uploads\/2023\/11\/concepto-solidaridad-vista-superior-1536x864.jpg 1536w\" sizes=\"(max-width: 2048px) 100vw, 2048px\" \/>\t\t\t\t\t\t\t\t\t\t\t\t\t\t\t<\/div>\n\t\t\t\t<\/div>\n\t\t\t\t<\/div>\n\t\t\t\t<\/div>\n\t\t<div class=\"elementor-element elementor-element-4ab2dc6 e-con-full e-flex e-con e-parent\" data-id=\"4ab2dc6\" data-element_type=\"container\" data-e-type=\"container\">\n\t\t\t\t<div class=\"elementor-element elementor-element-91d69a7 elementor-widget elementor-widget-heading\" data-id=\"91d69a7\" data-element_type=\"widget\" data-e-type=\"widget\" data-widget_type=\"heading.default\">\n\t\t\t\t<div class=\"elementor-widget-container\">\n\t\t\t\t\t<h2 class=\"elementor-heading-title elementor-size-default\">Patrocina<\/h2>\t\t\t\t<\/div>\n\t\t\t\t<\/div>\n\t\t\t\t<\/div>\n\t\t<div class=\"elementor-element elementor-element-583f3ac e-flex e-con-boxed e-con e-parent\" data-id=\"583f3ac\" data-element_type=\"container\" data-e-type=\"container\">\n\t\t\t\t\t<div class=\"e-con-inner\">\n\t\t<div class=\"elementor-element elementor-element-6422ef2 e-con-full e-flex e-con e-child\" data-id=\"6422ef2\" data-element_type=\"container\" data-e-type=\"container\">\n\t\t\t\t<div class=\"elementor-element elementor-element-2216e23 elementor-widget elementor-widget-image\" data-id=\"2216e23\" data-element_type=\"widget\" data-e-type=\"widget\" data-widget_type=\"image.default\">\n\t\t\t\t<div class=\"elementor-widget-container\">\n\t\t\t\t\t\t\t\t\t\t\t\t\t\t\t<img decoding=\"async\" width=\"1024\" height=\"724\" src=\"https:\/\/conducta-suicida.cisa-uma.es\/wp-content\/uploads\/2023\/11\/Diputacion-1024x724.webp\" class=\"attachment-large size-large wp-image-110\" alt=\"\" srcset=\"https:\/\/conducta-suicida.cisa-uma.es\/wp-content\/uploads\/2023\/11\/Diputacion-1024x724.webp 1024w, https:\/\/conducta-suicida.cisa-uma.es\/wp-content\/uploads\/2023\/11\/Diputacion-300x212.webp 300w, https:\/\/conducta-suicida.cisa-uma.es\/wp-content\/uploads\/2023\/11\/Diputacion-768x543.webp 768w, https:\/\/conducta-suicida.cisa-uma.es\/wp-content\/uploads\/2023\/11\/Diputacion-1536x1086.webp 1536w, https:\/\/conducta-suicida.cisa-uma.es\/wp-content\/uploads\/2023\/11\/Diputacion.webp 1550w\" sizes=\"(max-width: 1024px) 100vw, 1024px\" \/>\t\t\t\t\t\t\t\t\t\t\t\t\t\t\t<\/div>\n\t\t\t\t<\/div>\n\t\t\t\t<\/div>\n\t\t\t\t<div class=\"elementor-element elementor-element-d674114 elementor-widget-divider--view-line_text elementor-widget__width-initial elementor-widget-divider--element-align-center elementor-widget elementor-widget-divider\" data-id=\"d674114\" data-element_type=\"widget\" data-e-type=\"widget\" data-widget_type=\"divider.default\">\n\t\t\t\t<div class=\"elementor-widget-container\">\n\t\t\t\t\t\t\t<div class=\"elementor-divider\">\n\t\t\t<span class=\"elementor-divider-separator\">\n\t\t\t\t\t\t<\/span>\n\t\t<\/div>\n\t\t\t\t\t\t<\/div>\n\t\t\t\t<\/div>\n\t\t<div class=\"elementor-element elementor-element-8d78299 e-con-full e-flex e-con e-child\" data-id=\"8d78299\" data-element_type=\"container\" data-e-type=\"container\">\n\t\t\t\t<div class=\"elementor-element elementor-element-d728b8f elementor-widget elementor-widget-image\" data-id=\"d728b8f\" data-element_type=\"widget\" data-e-type=\"widget\" data-widget_type=\"image.default\">\n\t\t\t\t<div class=\"elementor-widget-container\">\n\t\t\t\t\t\t\t\t\t\t\t\t\t\t\t<img decoding=\"async\" width=\"300\" height=\"300\" src=\"https:\/\/conducta-suicida.cisa-uma.es\/wp-content\/uploads\/2023\/11\/Universidad_de_Malaga-300x300.jpg\" class=\"attachment-medium size-medium wp-image-117\" alt=\"\" srcset=\"https:\/\/conducta-suicida.cisa-uma.es\/wp-content\/uploads\/2023\/11\/Universidad_de_Malaga-300x300.jpg 300w, https:\/\/conducta-suicida.cisa-uma.es\/wp-content\/uploads\/2023\/11\/Universidad_de_Malaga-1024x1024.jpg 1024w, https:\/\/conducta-suicida.cisa-uma.es\/wp-content\/uploads\/2023\/11\/Universidad_de_Malaga-150x150.jpg 150w, https:\/\/conducta-suicida.cisa-uma.es\/wp-content\/uploads\/2023\/11\/Universidad_de_Malaga-768x768.jpg 768w, https:\/\/conducta-suicida.cisa-uma.es\/wp-content\/uploads\/2023\/11\/Universidad_de_Malaga.jpg 1181w\" sizes=\"(max-width: 300px) 100vw, 300px\" \/>\t\t\t\t\t\t\t\t\t\t\t\t\t\t\t<\/div>\n\t\t\t\t<\/div>\n\t\t\t\t<\/div>\n\t\t\t\t<div class=\"elementor-element elementor-element-ff26273 elementor-widget-divider--view-line_text elementor-widget__width-initial elementor-widget-divider--element-align-center elementor-widget elementor-widget-divider\" data-id=\"ff26273\" data-element_type=\"widget\" data-e-type=\"widget\" data-widget_type=\"divider.default\">\n\t\t\t\t<div class=\"elementor-widget-container\">\n\t\t\t\t\t\t\t<div class=\"elementor-divider\">\n\t\t\t<span class=\"elementor-divider-separator\">\n\t\t\t\t\t\t<\/span>\n\t\t<\/div>\n\t\t\t\t\t\t<\/div>\n\t\t\t\t<\/div>\n\t\t<div class=\"elementor-element elementor-element-37a616d e-con-full e-flex e-con e-child\" data-id=\"37a616d\" data-element_type=\"container\" data-e-type=\"container\">\n\t\t\t\t<div class=\"elementor-element elementor-element-b6094aa elementor-widget elementor-widget-image\" data-id=\"b6094aa\" data-element_type=\"widget\" data-e-type=\"widget\" data-widget_type=\"image.default\">\n\t\t\t\t<div class=\"elementor-widget-container\">\n\t\t\t\t\t\t\t\t\t\t\t\t\t\t\t<img loading=\"lazy\" decoding=\"async\" width=\"768\" height=\"343\" src=\"https:\/\/conducta-suicida.cisa-uma.es\/wp-content\/uploads\/2023\/11\/CISA_Mesa-de-trabajo-1-768x343.png\" class=\"attachment-medium_large size-medium_large wp-image-170\" alt=\"\" srcset=\"https:\/\/conducta-suicida.cisa-uma.es\/wp-content\/uploads\/2023\/11\/CISA_Mesa-de-trabajo-1-768x343.png 768w, https:\/\/conducta-suicida.cisa-uma.es\/wp-content\/uploads\/2023\/11\/CISA_Mesa-de-trabajo-1-300x134.png 300w, https:\/\/conducta-suicida.cisa-uma.es\/wp-content\/uploads\/2023\/11\/CISA_Mesa-de-trabajo-1-1024x458.png 1024w, https:\/\/conducta-suicida.cisa-uma.es\/wp-content\/uploads\/2023\/11\/CISA_Mesa-de-trabajo-1-1536x687.png 1536w, https:\/\/conducta-suicida.cisa-uma.es\/wp-content\/uploads\/2023\/11\/CISA_Mesa-de-trabajo-1-2048x915.png 2048w\" sizes=\"(max-width: 768px) 100vw, 768px\" \/>\t\t\t\t\t\t\t\t\t\t\t\t\t\t\t<\/div>\n\t\t\t\t<\/div>\n\t\t\t\t<\/div>\n\t\t\t\t\t<\/div>\n\t\t\t\t<\/div>\n\t\t<div class=\"elementor-element elementor-element-615fee4 e-con-full e-flex e-con e-parent\" data-id=\"615fee4\" data-element_type=\"container\" data-e-type=\"container\">\n\t\t\t\t<div class=\"elementor-element elementor-element-3e7387a elementor-widget elementor-widget-heading\" data-id=\"3e7387a\" data-element_type=\"widget\" data-e-type=\"widget\" data-widget_type=\"heading.default\">\n\t\t\t\t<div class=\"elementor-widget-container\">\n\t\t\t\t\t<h2 class=\"elementor-heading-title elementor-size-default\">Colabora<\/h2>\t\t\t\t<\/div>\n\t\t\t\t<\/div>\n\t\t\t\t<\/div>\n\t\t\t\t<section class=\"elementor-section elementor-top-section elementor-element elementor-element-0bf04c8 elementor-section-full_width elementor-section-content-middle elementor-section-height-default elementor-section-height-default\" data-id=\"0bf04c8\" data-element_type=\"section\" data-e-type=\"section\">\n\t\t\t\t\t\t<div class=\"elementor-container elementor-column-gap-default\">\n\t\t\t\t\t<div class=\"elementor-column elementor-col-25 elementor-top-column elementor-element elementor-element-4650a59\" data-id=\"4650a59\" data-element_type=\"column\" data-e-type=\"column\">\n\t\t\t<div class=\"elementor-widget-wrap elementor-element-populated\">\n\t\t\t\t\t\t<div class=\"elementor-element elementor-element-b24f05f elementor-widget elementor-widget-image\" data-id=\"b24f05f\" data-element_type=\"widget\" data-e-type=\"widget\" data-widget_type=\"image.default\">\n\t\t\t\t<div class=\"elementor-widget-container\">\n\t\t\t\t\t\t\t\t\t\t\t\t\t\t\t<img loading=\"lazy\" decoding=\"async\" width=\"150\" height=\"150\" src=\"https:\/\/conducta-suicida.cisa-uma.es\/wp-content\/uploads\/2023\/11\/afenes-logo-png-150x150.png\" class=\"attachment-thumbnail size-thumbnail wp-image-107\" alt=\"\" srcset=\"https:\/\/conducta-suicida.cisa-uma.es\/wp-content\/uploads\/2023\/11\/afenes-logo-png-150x150.png 150w, https:\/\/conducta-suicida.cisa-uma.es\/wp-content\/uploads\/2023\/11\/afenes-logo-png-300x300.png 300w, https:\/\/conducta-suicida.cisa-uma.es\/wp-content\/uploads\/2023\/11\/afenes-logo-png.png 500w\" sizes=\"(max-width: 150px) 100vw, 150px\" \/>\t\t\t\t\t\t\t\t\t\t\t\t\t\t\t<\/div>\n\t\t\t\t<\/div>\n\t\t\t\t\t<\/div>\n\t\t<\/div>\n\t\t\t\t<div class=\"elementor-column elementor-col-25 elementor-top-column elementor-element elementor-element-d4bb904\" data-id=\"d4bb904\" data-element_type=\"column\" data-e-type=\"column\">\n\t\t\t<div class=\"elementor-widget-wrap elementor-element-populated\">\n\t\t\t\t\t\t<div class=\"elementor-element elementor-element-33a728a elementor-widget elementor-widget-image\" data-id=\"33a728a\" data-element_type=\"widget\" data-e-type=\"widget\" data-widget_type=\"image.default\">\n\t\t\t\t<div class=\"elementor-widget-container\">\n\t\t\t\t\t\t\t\t\t\t\t\t\t\t\t<img loading=\"lazy\" decoding=\"async\" width=\"150\" height=\"150\" src=\"https:\/\/conducta-suicida.cisa-uma.es\/wp-content\/uploads\/2023\/11\/Alheli-redondo-png-150x150.png\" class=\"attachment-thumbnail size-thumbnail wp-image-386\" alt=\"\" srcset=\"https:\/\/conducta-suicida.cisa-uma.es\/wp-content\/uploads\/2023\/11\/Alheli-redondo-png-150x150.png 150w, https:\/\/conducta-suicida.cisa-uma.es\/wp-content\/uploads\/2023\/11\/Alheli-redondo-png-300x300.png 300w, https:\/\/conducta-suicida.cisa-uma.es\/wp-content\/uploads\/2023\/11\/Alheli-redondo-png.png 512w\" sizes=\"(max-width: 150px) 100vw, 150px\" \/>\t\t\t\t\t\t\t\t\t\t\t\t\t\t\t<\/div>\n\t\t\t\t<\/div>\n\t\t\t\t\t<\/div>\n\t\t<\/div>\n\t\t\t\t<div class=\"elementor-column elementor-col-25 elementor-top-column elementor-element elementor-element-d8af307\" data-id=\"d8af307\" data-element_type=\"column\" data-e-type=\"column\">\n\t\t\t<div class=\"elementor-widget-wrap elementor-element-populated\">\n\t\t\t\t\t\t<div class=\"elementor-element elementor-element-0206a7d elementor-widget__width-initial elementor-widget elementor-widget-image\" data-id=\"0206a7d\" data-element_type=\"widget\" data-e-type=\"widget\" data-widget_type=\"image.default\">\n\t\t\t\t<div class=\"elementor-widget-container\">\n\t\t\t\t\t\t\t\t\t\t\t\t\t\t\t<img loading=\"lazy\" decoding=\"async\" width=\"300\" height=\"91\" src=\"https:\/\/conducta-suicida.cisa-uma.es\/wp-content\/uploads\/2023\/11\/afesol-png-300x91.png\" class=\"attachment-medium size-medium wp-image-108\" alt=\"\" srcset=\"https:\/\/conducta-suicida.cisa-uma.es\/wp-content\/uploads\/2023\/11\/afesol-png-300x91.png 300w, https:\/\/conducta-suicida.cisa-uma.es\/wp-content\/uploads\/2023\/11\/afesol-png.png 322w\" sizes=\"(max-width: 300px) 100vw, 300px\" \/>\t\t\t\t\t\t\t\t\t\t\t\t\t\t\t<\/div>\n\t\t\t\t<\/div>\n\t\t\t\t\t<\/div>\n\t\t<\/div>\n\t\t\t\t<div class=\"elementor-column elementor-col-25 elementor-top-column elementor-element elementor-element-2a3fa1e\" data-id=\"2a3fa1e\" data-element_type=\"column\" data-e-type=\"column\">\n\t\t\t<div class=\"elementor-widget-wrap elementor-element-populated\">\n\t\t\t\t\t\t<div class=\"elementor-element elementor-element-54be3ef elementor-widget__width-initial elementor-widget elementor-widget-image\" data-id=\"54be3ef\" data-element_type=\"widget\" data-e-type=\"widget\" data-widget_type=\"image.default\">\n\t\t\t\t<div class=\"elementor-widget-container\">\n\t\t\t\t\t\t\t\t\t\t\t\t\t\t\t<img loading=\"lazy\" decoding=\"async\" width=\"521\" height=\"214\" src=\"https:\/\/conducta-suicida.cisa-uma.es\/wp-content\/uploads\/2023\/11\/esperanza_dCSevhM.png\" class=\"attachment-large size-large wp-image-111\" alt=\"\" srcset=\"https:\/\/conducta-suicida.cisa-uma.es\/wp-content\/uploads\/2023\/11\/esperanza_dCSevhM.png 521w, https:\/\/conducta-suicida.cisa-uma.es\/wp-content\/uploads\/2023\/11\/esperanza_dCSevhM-300x123.png 300w\" sizes=\"(max-width: 521px) 100vw, 521px\" \/>\t\t\t\t\t\t\t\t\t\t\t\t\t\t\t<\/div>\n\t\t\t\t<\/div>\n\t\t\t\t\t<\/div>\n\t\t<\/div>\n\t\t\t\t\t<\/div>\n\t\t<\/section>\n\t\t\t\t<\/div>\n\t\t","protected":false},"excerpt":{"rendered":"<p>Impulsores Impulsores Este proyecto pionero de poner a disposici\u00f3n de la sociedad en su conjunto un Banco de Datos para la prevenci\u00f3n y postvenci\u00f3n de la conducta suicida, ha sido impulsado por la Diputaci\u00f3n de M\u00e1laga junto a la Universidad de M\u00e1laga a trav\u00e9s del Aula de M\u00e9tricas y Gesti\u00f3n de Intangibles del Centro de&hellip;&nbsp;<a href=\"https:\/\/conducta-suicida.cisa-uma.es\/?page_id=13\" rel=\"bookmark\">Leer m\u00e1s &raquo;<span class=\"screen-reader-text\">Impulsores<\/span><\/a><\/p>\n","protected":false},"author":1,"featured_media":0,"parent":0,"menu_order":0,"comment_status":"closed","ping_status":"closed","template":"page-templates\/template-pagebuilder-full-width.php","meta":{"neve_meta_sidebar":"","neve_meta_container":"","neve_meta_enable_content_width":"","neve_meta_content_width":0,"neve_meta_title_alignment":"","neve_meta_author_avatar":"","neve_post_elements_order":"","neve_meta_disable_header":"","neve_meta_disable_footer":"","neve_meta_disable_title":"","footnotes":""},"class_list":["post-13","page","type-page","status-publish","hentry"],"_links":{"self":[{"href":"https:\/\/conducta-suicida.cisa-uma.es\/index.php?rest_route=\/wp\/v2\/pages\/13","targetHints":{"allow":["GET"]}}],"collection":[{"href":"https:\/\/conducta-suicida.cisa-uma.es\/index.php?rest_route=\/wp\/v2\/pages"}],"about":[{"href":"https:\/\/conducta-suicida.cisa-uma.es\/index.php?rest_route=\/wp\/v2\/types\/page"}],"author":[{"embeddable":true,"href":"https:\/\/conducta-suicida.cisa-uma.es\/index.php?rest_route=\/wp\/v2\/users\/1"}],"replies":[{"embeddable":true,"href":"https:\/\/conducta-suicida.cisa-uma.es\/index.php?rest_route=%2Fwp%2Fv2%2Fcomments&post=13"}],"version-history":[{"count":28,"href":"https:\/\/conducta-suicida.cisa-uma.es\/index.php?rest_route=\/wp\/v2\/pages\/13\/revisions"}],"predecessor-version":[{"id":392,"href":"https:\/\/conducta-suicida.cisa-uma.es\/index.php?rest_route=\/wp\/v2\/pages\/13\/revisions\/392"}],"wp:attachment":[{"href":"https:\/\/conducta-suicida.cisa-uma.es\/index.php?rest_route=%2Fwp%2Fv2%2Fmedia&parent=13"}],"curies":[{"name":"wp","href":"https:\/\/api.w.org\/{rel}","templated":true}]}}